{"id":104,"date":"2024-03-15T12:25:31","date_gmt":"2024-03-15T12:25:31","guid":{"rendered":"http:\/\/147.232.81.201:8080\/?page_id=104"},"modified":"2024-03-15T12:31:57","modified_gmt":"2024-03-15T12:31:57","slug":"historia","status":"publish","type":"page","link":"https:\/\/herlany.tuke.sk\/?page_id=104","title":{"rendered":"Hist\u00f3ria"},"content":{"rendered":"\n<div class=\"wp-block-media-text is-stacked-on-mobile\"><figure class=\"wp-block-media-text__media\"><img loading=\"lazy\" decoding=\"async\" width=\"1024\" height=\"729\" src=\"http:\/\/147.232.81.201:8080\/wp-content\/uploads\/2024\/03\/TMP16-1024x729.jpg\" alt=\"\" class=\"wp-image-105 size-full\" srcset=\"https:\/\/herlany.tuke.sk\/wp-content\/uploads\/2024\/03\/TMP16-1024x729.jpg 1024w, https:\/\/herlany.tuke.sk\/wp-content\/uploads\/2024\/03\/TMP16-300x214.jpg 300w, https:\/\/herlany.tuke.sk\/wp-content\/uploads\/2024\/03\/TMP16-768x547.jpg 768w, https:\/\/herlany.tuke.sk\/wp-content\/uploads\/2024\/03\/TMP16-1536x1093.jpg 1536w, https:\/\/herlany.tuke.sk\/wp-content\/uploads\/2024\/03\/TMP16.jpg 2047w\" sizes=\"auto, (max-width: 1024px) 100vw, 1024px\" \/><\/figure><div class=\"wp-block-media-text__content\">\n<p>Dedinka Her\u013eany le\u017e\u00ed v malebnej krajine pod \u00fap\u00e4t\u00edm z\u00e1padn\u00fdch svahov Slansk\u00fdch vrchov, v \u00fadol\u00ed Herlianskeho potoka, pribli\u017ene 28 km severov\u00fdchodne od metropoly v\u00fdchodoslovensk\u00e9ho regi\u00f3nu Ko\u0161\u00edc. <\/p>\n<\/div><\/div>\n\n\n\n<div class=\"wp-block-media-text has-media-on-the-right is-stacked-on-mobile\"><div class=\"wp-block-media-text__content\">\n<p>Prv\u00e9 zmienky o dedinke Her\u013eany sa spom\u00ednaj\u00fa v r. 1487 pod n\u00e1zvom Haryan. Za vl\u00e1dy Jozefa II. sa sem pris\u0165ahovali Nemci, ktor\u00ed boli v 19. storo\u010d\u00ed posloven\u010den\u00ed. V roku 1920 dost\u00e1va svoj teraj\u0161\u00ed n\u00e1zov Her\u013eany, ma\u010farsky Herlany, alebo Rankf\u00fcred. <\/p>\n<\/div><figure class=\"wp-block-media-text__media\"><img loading=\"lazy\" decoding=\"async\" width=\"1024\" height=\"679\" src=\"http:\/\/147.232.81.201:8080\/wp-content\/uploads\/2024\/03\/TMP6-1024x679.jpg\" alt=\"\" class=\"wp-image-106 size-full\" srcset=\"https:\/\/herlany.tuke.sk\/wp-content\/uploads\/2024\/03\/TMP6-1024x679.jpg 1024w, https:\/\/herlany.tuke.sk\/wp-content\/uploads\/2024\/03\/TMP6-300x199.jpg 300w, https:\/\/herlany.tuke.sk\/wp-content\/uploads\/2024\/03\/TMP6-768x510.jpg 768w, https:\/\/herlany.tuke.sk\/wp-content\/uploads\/2024\/03\/TMP6-1536x1019.jpg 1536w, https:\/\/herlany.tuke.sk\/wp-content\/uploads\/2024\/03\/TMP6-2048x1359.jpg 2048w\" sizes=\"auto, (max-width: 1024px) 100vw, 1024px\" \/><\/figure><\/div>\n\n\n\n<div class=\"wp-block-media-text is-stacked-on-mobile\"><figure class=\"wp-block-media-text__media\"><img loading=\"lazy\" decoding=\"async\" width=\"800\" height=\"506\" src=\"http:\/\/147.232.81.201:8080\/wp-content\/uploads\/2024\/03\/kepkonyvtar_60946_66512.riad_.budova.jpg\" alt=\"\" class=\"wp-image-107 size-full\" srcset=\"https:\/\/herlany.tuke.sk\/wp-content\/uploads\/2024\/03\/kepkonyvtar_60946_66512.riad_.budova.jpg 800w, https:\/\/herlany.tuke.sk\/wp-content\/uploads\/2024\/03\/kepkonyvtar_60946_66512.riad_.budova-300x190.jpg 300w, https:\/\/herlany.tuke.sk\/wp-content\/uploads\/2024\/03\/kepkonyvtar_60946_66512.riad_.budova-768x486.jpg 768w\" sizes=\"auto, (max-width: 800px) 100vw, 800px\" \/><\/figure><div class=\"wp-block-media-text__content\">\n<p>Obec Her\u013eany za svoj rozmach m\u00f4\u017ee \u010fakova\u0165 miner\u00e1lnym prame\u0148om, ktor\u00e9 boli zn\u00e1me u\u017e v 17. storo\u010d\u00ed. V 18. storo\u010d\u00ed tu vznikli k\u00fapele na lie\u010denie chor\u00f4b \u017eal\u00fado\u010dn\u00fdch, \u010drevn\u00fdch, reumatick\u00fdch a \u010fal\u0161\u00edch. <\/p>\n<\/div><\/div>\n\n\n\n<div class=\"wp-block-columns is-layout-flex wp-container-core-columns-is-layout-28f84493 wp-block-columns-is-layout-flex\">\n<div class=\"wp-block-column is-layout-flow wp-block-column-is-layout-flow\" style=\"flex-basis:100%\">\n<pre class=\"wp-block-preformatted\">Ke\u010f v r.1869 miner\u00e1lne pramene u\u017e nesta\u010dili kry\u0165 spotrebu lie\u010div\u00fdch miner\u00e1lnych v\u00f4d, za\u010dal sa v r. 1870 v\u0155ta\u0165 vrt, v\u00fdsledkom ktor\u00e9ho je dne\u0161n\u00fd svetov\u00fd unik\u00e1t \u201eHerliansky gejz\u00edr\u201c. Obec bola v 19. storo\u010d\u00ed ob\u013e\u00faben\u00fdm miestom nielen Ko\u0161i\u010danov, ale aj uhorskej \u0161\u013eachty, ba dokonca v\u00fdletn\u00fdm miestom Franti\u0161ka R\u00e1kocziho. Spolo\u010densk\u00fd \u017eivot sa koncentroval v k\u00fape\u013enom parku obce. Park bol zalo\u017een\u00fd v druhej polovici 19. storo\u010dia. V parku je zast\u00fapen\u00fdch spolu 30 tax\u00f3nov drev\u00edn, z toho 10 tax\u00f3nov ihli\u010dnat\u00fdch a 20 listnat\u00fdch drev\u00edn. \n\nK\u00fape\u013en\u00fd r\u00e1z obce sa stratil po 2. svetovej vojne, ke\u010f n\u00e1sledky vojny neboli odstr\u00e1nen\u00e9, tak\u017ee sa ani neobnovila k\u00fape\u013en\u00e1 lie\u010dba. \u010ciasto\u010dne renovovan\u00e9 k\u00fape\u013en\u00e9 objekty sl\u00fa\u017eili ako re\u0161taura\u010dn\u00e9 a ubytovacie zariadenia b\u00fdval\u00e9ho Krajsk\u00e9ho n\u00e1rodn\u00e9ho v\u00fdboru, ako \u0161koliace stredisko (1950-1955), potom ako rekrea\u010dn\u00e9 stredisko Revolu\u010dn\u00e9ho odborov\u00e9ho hnutia (1956-1968), nesk\u00f4r tu bolo zriaden\u00e9 stredisko pre zahrani\u010dn\u00fdch \u0161tudentov (1968-1983) a od roku 1985 dodnes cel\u00fd b\u00fdval\u00fd k\u00fape\u013en\u00fd are\u00e1l s rozlohou cca 5 hekt\u00e1rov patr\u00ed Technickej univerzite v Ko\u0161iciach a sl\u00fa\u017ei na konanie pedagogick\u00fdch, vedeck\u00fdch, \u0161portov\u00fdch, spolo\u010densk\u00fdch a kult\u00farnych podujat\u00ed. Zachoval\u00e9 pamiatkovo chr\u00e1nen\u00e9 budovy s\u00fa: klasick\u00e1 k\u00fape\u013en\u00e1 budova z polovice 19.storo\u010dia \u201eDargov\u201c, \u010falej objekty \u201eBranisko\u201c, \u201eGejz\u00edr\u201c a \u201eHorn\u00e1d\u201c.\r\n\r\n     Herliansky gejz\u00edr s pri\u013eahl\u00fdm parkom je miestom, ktor\u00e9 je pomerne \u010dasto nav\u0161tevovan\u00e9 turistami hlavne v \u010dase o\u010dak\u00e1vanej erupcie gejz\u00edru. Turisti sem prich\u00e1dzaj\u00fa bicyklami, autami \u010di autobusmi, niekedy vo v\u00e4\u010d\u0161om inokedy v men\u0161om po\u010dte v z\u00e1vislosti od po\u010dasia. \u010cas erupcie sa predpoklad\u00e1 pod\u013ea poslednej zn\u00e1mej erupcie a je vypo\u010d\u00edtavan\u00fd v intervale 34-36 hod. Interval v\u00fdpo\u010dtu m\u00f4\u017ee tie\u017e kol\u00edsa\u0165 a niekedy m\u00f4\u017ee by\u0165 aj menej ako 34-36 hod. \n<\/pre>\n<\/div>\n<\/div>\n","protected":false},"excerpt":{"rendered":"<p>Dedinka Her\u013eany le\u017e\u00ed v malebnej krajine pod \u00fap\u00e4t\u00edm z\u00e1padn\u00fdch svahov Slansk\u00fdch vrchov, v \u00fadol\u00ed Herlianskeho potoka, pribli\u017ene 28 km severov\u00fdchodne od metropoly v\u00fdchodoslovensk\u00e9ho regi\u00f3nu Ko\u0161\u00edc. Prv\u00e9 zmienky o dedinke Her\u013eany sa spom\u00ednaj\u00fa v r. 1487 pod n\u00e1zvom Haryan. Za vl\u00e1dy Jozefa II. sa sem pris\u0165ahovali Nemci, ktor\u00ed boli v 19. storo\u010d\u00ed posloven\u010den\u00ed. V roku 1920&#8230;<\/p>\n","protected":false},"author":2,"featured_media":0,"parent":0,"menu_order":0,"comment_status":"closed","ping_status":"closed","template":"","meta":{"footnotes":""},"class_list":["post-104","page","type-page","status-publish","hentry"],"_links":{"self":[{"href":"https:\/\/herlany.tuke.sk\/index.php?rest_route=\/wp\/v2\/pages\/104","targetHints":{"allow":["GET"]}}],"collection":[{"href":"https:\/\/herlany.tuke.sk\/index.php?rest_route=\/wp\/v2\/pages"}],"about":[{"href":"https:\/\/herlany.tuke.sk\/index.php?rest_route=\/wp\/v2\/types\/page"}],"author":[{"embeddable":true,"href":"https:\/\/herlany.tuke.sk\/index.php?rest_route=\/wp\/v2\/users\/2"}],"replies":[{"embeddable":true,"href":"https:\/\/herlany.tuke.sk\/index.php?rest_route=%2Fwp%2Fv2%2Fcomments&post=104"}],"version-history":[{"count":2,"href":"https:\/\/herlany.tuke.sk\/index.php?rest_route=\/wp\/v2\/pages\/104\/revisions"}],"predecessor-version":[{"id":110,"href":"https:\/\/herlany.tuke.sk\/index.php?rest_route=\/wp\/v2\/pages\/104\/revisions\/110"}],"wp:attachment":[{"href":"https:\/\/herlany.tuke.sk\/index.php?rest_route=%2Fwp%2Fv2%2Fmedia&parent=104"}],"curies":[{"name":"wp","href":"https:\/\/api.w.org\/{rel}","templated":true}]}}